{"id":1389,"date":"2019-10-07T03:42:24","date_gmt":"2019-10-07T03:42:24","guid":{"rendered":"http:\/\/localhost\/industris\/?page_id=1389"},"modified":"2026-01-12T11:23:30","modified_gmt":"2026-01-12T09:23:30","slug":"home-4","status":"publish","type":"page","link":"https:\/\/relatia.oil-terminal.com\/en\/","title":{"rendered":"Home 4"},"content":{"rendered":"<div class=\"vc_row wpb_row vc_row-fluid\"><div class=\"wpb_column vc_column_container vc_col-sm-12\"><div class=\"vc_column-inner\"><div class=\"wpb_wrapper\">\n\t<div  class=\"wpb_single_image wpb_content_element vc_align_right\">\n\t\t\n\t\t<figure class=\"wpb_wrapper vc_figure\">\n\t\t\t<div class=\"vc_single_image-wrapper   vc_box_border_grey\"><img data-recalc-dims=\"1\" loading=\"lazy\" decoding=\"async\" class=\"vc_single_image-img\" src=\"https:\/\/i0.wp.com\/relatia.oil-terminal.com\/wp-content\/uploads\/2021\/10\/122150c7-3cc0-4a04-9792-f68a21cfbcb3.png?resize=200%2C100&#038;ssl=1\" width=\"200\" height=\"100\" alt=\"122150c7-3cc0-4a04-9792-f68a21cfbcb3\" title=\"122150c7-3cc0-4a04-9792-f68a21cfbcb3\"  data-dt-location=\"https:\/\/relatia.oil-terminal.com\/en\/home-4\/122150c7-3cc0-4a04-9792-f68a21cfbcb3\/\" \/><\/div>\n\t\t<\/figure>\n\t<\/div>\n<\/div><\/div><\/div><\/div><div class=\"vc_row wpb_row vc_row-fluid\"><div class=\"wpb_column vc_column_container vc_col-sm-12\"><div class=\"vc_column-inner\"><div class=\"wpb_wrapper\"><div id=\"ultimate-heading-165869fb38e95dd9b\" class=\"uvc-heading ult-adjust-bottom-margin ultimate-heading-165869fb38e95dd9b uvc-3805  uvc-heading-default-font-sizes\" data-hspacer=\"no_spacer\"  data-halign=\"center\" style=\"text-align:center\"><div class=\"uvc-heading-spacer no_spacer\" style=\"top\"><\/div><div class=\"uvc-main-heading ult-responsive\"  data-ultimate-target='.uvc-heading.ultimate-heading-165869fb38e95dd9b h3'  data-responsive-json-new='{\"font-size\":\"\",\"line-height\":\"\"}' ><h3 style=\"--font-weight:theme;\">Welcome to Oil Terminal<\/h3><\/div><\/div><\/div><\/div><\/div><\/div><div class=\"vc_row wpb_row vc_row-fluid\"><div class=\"wpb_column vc_column_container vc_col-sm-12\"><div class=\"vc_column-inner\"><div class=\"wpb_wrapper\"><div class=\"vc_separator wpb_content_element vc_separator_align_center vc_sep_width_100 vc_sep_pos_align_center vc_sep_color_grey vc_separator-has-text\" ><span class=\"vc_sep_holder vc_sep_holder_l\"><span  class=\"vc_sep_line\"><\/span><\/span><h4>COMPANIE PETROLIERA CU PESTE 125 DE ANI DE EXPERIENTA<\/h4><span class=\"vc_sep_holder vc_sep_holder_r\"><span  class=\"vc_sep_line\"><\/span><\/span>\n<\/div><div class=\"ult-spacer spacer-69fb38e95e15f\" data-id=\"69fb38e95e15f\" data-height=\"35\" data-height-mobile=\"35\" data-height-tab=\"35\" data-height-tab-portrait=\"\" data-height-mobile-landscape=\"\" style=\"clear:both;display:block;\"><\/div><\/div><\/div><\/div><\/div><div class=\"vc_row wpb_row vc_row-fluid\"><div class=\"wpb_column vc_column_container vc_col-sm-12\"><div class=\"vc_column-inner\"><div class=\"wpb_wrapper\"><div id=\"ultimate-heading-903269fb38e95e304\" class=\"uvc-heading ult-adjust-bottom-margin ultimate-heading-903269fb38e95e304 uvc-6937  uvc-heading-default-font-sizes\" data-hspacer=\"no_spacer\"  data-halign=\"center\" style=\"text-align:center\"><div class=\"uvc-heading-spacer no_spacer\" style=\"top\"><\/div><div class=\"uvc-main-heading ult-responsive\"  data-ultimate-target='.uvc-heading.ultimate-heading-903269fb38e95e304 h3'  data-responsive-json-new='{\"font-size\":\"\",\"line-height\":\"\"}' ><h3 style=\"--font-weight:theme;\">Investor relation<\/h3><\/div><div class=\"uvc-sub-heading ult-responsive\"  data-ultimate-target='.uvc-heading.ultimate-heading-903269fb38e95e304 .uvc-sub-heading '  data-responsive-json-new='{\"font-size\":\"\",\"line-height\":\"\"}'  style=\"font-weight:normal;margin-top:10px;\">This site is designed to provide access to relevant information, in Romanian and English, to the company's shareholders, potential investors and other interested parties.<\/div><\/div><\/div><\/div><\/div><\/div><div class=\"vc_row wpb_row vc_row-fluid\"><div class=\"wpb_column vc_column_container vc_col-sm-12\"><div class=\"vc_column-inner\"><div class=\"wpb_wrapper\"><div class=\"vc_empty_space\"   style=\"height: 50px\"><span class=\"vc_empty_space_inner\"><\/span><\/div><\/div><\/div><\/div><\/div><div class=\"vc_row wpb_row vc_row-fluid\"><div class=\"wpb_column vc_column_container vc_col-sm-4\"><div class=\"vc_column-inner\"><div class=\"wpb_wrapper\"><div class=\"cq-imageoverlay2-container\" data-elementheight=\"\" data-overlaycolor=\"#434A54\"  data-image=\"4\" data-titlesize=\"\" data-contentsize=\"\" data-contentcolor=\"\" data-overlaystyle=\"darkgray\" data-elementmargin=\"\"><a href=\"\/en\/2025-2\/\" title=\"\" target=\"\" class=\"cq-imageoverlay2-link\"><div class=\"cq-imageoverlay2\"><img data-recalc-dims=\"1\" height=\"173\" width=\"260\" decoding=\"async\" src=\"https:\/\/i0.wp.com\/relatia.oil-terminal.com\/wp-content\/uploads\/2020\/04\/dezvoltare.jpg?resize=260%2C173&#038;ssl=1\" class=\"cq-imageoverlay2-img\" alt=\"\" \/><div class=\"text-container\"><h3 class=\"cq-imageoverlay2-title\">AGA 2025<\/h3><\/div><div class=\"cq-imageoverlay2-background\"><\/div><\/div><\/a><\/div><\/div><\/div><\/div><div class=\"wpb_column vc_column_container vc_col-sm-4\"><div class=\"vc_column-inner\"><div class=\"wpb_wrapper\"><div style=\"width:;\" class=\"cqtooltip-wrapper\" data-opacity=\"1\" data-tooltipanimation=\"grow\" data-tooltipstyle=\"shadow\" data-trigger=\"\" data-maxwidth=\"240\" data-marginoffset=\"\" data-isdisplayall=\"off\" data-displayednum=\"1\"><img data-recalc-dims=\"1\" decoding=\"async\" src=\"https:\/\/i0.wp.com\/relatia.oil-terminal.com\/wp-content\/uploads\/2020\/04\/calendar_financiar-2.png?w=1200&#038;ssl=1\" alt=\"\" \/><div class=\"cq-hotspots\"><div class=\"hotspot-item pulse-white\" style=\"top:23%;left:32%;\" data-top=\"23%\" data-left=\"32%\"><a href=\"https:\/\/relatia.oil-terminal.com\/en\/calendar-2026\/\" class=\"cq-tooltip\" style=\"background:rgba(0,0,0,0.8);\" data-tooltip=\"&lt;p&gt;Calendar 2026&lt;\/p&gt;&lt;p&gt;\" data-arrowposition=\"\" target=\"\"><span style=\"background:#ffffff;\"><\/span><\/a><\/div><div class=\"hotspot-item pulse-white\" style=\"top:34%;left:45%;\" data-top=\"34%\" data-left=\"45%\"><a href=\"https:\/\/relatia.oil-terminal.com\/en\/calendar-2025\/\" class=\"cq-tooltip\" style=\"background:rgba(0,0,0,0.8);\" data-tooltip=\"&lt;p&gt;Calendar 2025&lt;\/p&gt;&lt;p&gt;\" data-arrowposition=\"top\" target=\"\"><span style=\"background:#ffffff;\"><\/span><\/a><\/div><div class=\"hotspot-item pulse-white\" style=\"top:15%;left:10%;\" data-top=\"15%\" data-left=\"10%\"><a href=\"https:\/\/relatia.oil-terminal.com\/en\/calendar_2024\/\" class=\"cq-tooltip\" style=\"background:rgba(0,0,0,0.8);\" data-tooltip=\"Calendar 2024&lt;\/p&gt;&lt;p&gt;\" data-arrowposition=\"top\" target=\"\"><span style=\"background:#ffffff;\"><\/span><\/a><\/div><div class=\"hotspot-item pulse-white\" style=\"top:22%;left:4%;\" data-top=\"22%\" data-left=\"4%\"><a href=\"https:\/\/relatia.oil-terminal.com\/en\/calendar-2023\/\" class=\"cq-tooltip\" style=\"background:rgba(0,0,0,0.8);\" data-tooltip=\"Calendar 2023&lt;\/p&gt;&lt;p&gt;\" data-arrowposition=\"top\" target=\"\"><span style=\"background:#ffffff;\"><\/span><\/a><\/div><div class=\"hotspot-item pulse-white\" style=\"top:27%;left:21%;\" data-top=\"27%\" data-left=\"21%\"><a href=\"https:\/\/relatia.oil-terminal.com\/en\/calendar-financiar-2022\/\" class=\"cq-tooltip\" style=\"background:rgba(0,0,0,0.8);\" data-tooltip=\"Calendar 2022\" data-arrowposition=\"top\" target=\"\"><span style=\"background:#ffffff;\"><\/span><\/a><\/div><div class=\"hotspot-item pulse-white\" style=\"top:53%;left:8%;\" data-top=\"53%\" data-left=\"8%\"><a href=\"https:\/\/relatia.oil-terminal.com\/en\/calendar-2021\/\" class=\"cq-tooltip\" style=\"background:rgba(0,0,0,0.8);\" data-tooltip=\"Calendar 2021 \" data-arrowposition=\"top\" target=\"\"><span style=\"background:#ffffff;\"><\/span><\/a><\/div><div class=\"hotspot-item pulse-white\" style=\"top:58%;left:28%;\" data-top=\"58%\" data-left=\"28%\"><a href=\"https:\/\/relatia.oil-terminal.com\/en\/calendar-2020\/\" class=\"cq-tooltip\" style=\"background:rgba(0,0,0,0.8);\" data-tooltip=\"Calendar 2020 \" data-arrowposition=\"top\" target=\"\"><span style=\"background:#ffffff;\"><\/span><\/a><\/div><div class=\"hotspot-item pulse-white\" style=\"top:79%;left:27%;\" data-top=\"79%\" data-left=\"27%\"><a href=\"https:\/\/relatia.oil-terminal.com\/en\/calendar-2019\/\" class=\"cq-tooltip\" style=\"background:rgba(0,0,0,0.8);\" data-tooltip=\"Calendar 2019&lt;br \/&gt;&lt;\/p&gt;&lt;p&gt;\" data-arrowposition=\"top\" target=\"\"><span style=\"background:#ffffff;\"><\/span><\/a><\/div><div class=\"hotspot-item pulse-white\" style=\"top:85%;left:47%;\" data-top=\"85%\" data-left=\"47%\"><a href=\"https:\/\/relatia.oil-terminal.com\/en\/calendar-2018\/\" class=\"cq-tooltip\" style=\"background:rgba(0,0,0,0.8);\" data-tooltip=\"Calendar 2018\" data-arrowposition=\"top\" target=\"\"><span style=\"background:#ffffff;\"><\/span><\/a><\/div><\/div><\/div><\/div><\/div><\/div><div class=\"wpb_column vc_column_container vc_col-sm-4\"><div class=\"vc_column-inner\"><div class=\"wpb_wrapper\"><div class=\"cq-imageoverlay2-container\" data-elementheight=\"\" data-overlaycolor=\"#434A54\"  data-image=\"4\" data-titlesize=\"\" data-contentsize=\"\" data-contentcolor=\"\" data-overlaystyle=\"darkgray\" data-elementmargin=\"\"><a href=\"https:\/\/relatia.oil-terminal.com\/en\/raportari-anuale\/\" title=\"\" target=\"\" class=\"cq-imageoverlay2-link\"><div class=\"cq-imageoverlay2\"><img data-recalc-dims=\"1\" height=\"173\" width=\"260\" decoding=\"async\" src=\"https:\/\/i0.wp.com\/relatia.oil-terminal.com\/wp-content\/uploads\/2020\/04\/raport.png?resize=260%2C173&#038;ssl=1\" class=\"cq-imageoverlay2-img\" alt=\"\" \/><div class=\"text-container\"><h3 class=\"cq-imageoverlay2-title\">Annual reports<\/h3><\/div><div class=\"cq-imageoverlay2-background\"><\/div><\/div><\/a><\/div><\/div><\/div><\/div><\/div><div class=\"vc_row wpb_row vc_row-fluid\"><div class=\"wpb_column vc_column_container vc_col-sm-12\"><div class=\"vc_column-inner\"><div class=\"wpb_wrapper\"><div class=\"vc_empty_space\"   style=\"height: 50px\"><span class=\"vc_empty_space_inner\"><\/span><\/div><\/div><\/div><\/div><\/div><div class=\"vc_row wpb_row vc_row-fluid\"><div class=\"wpb_column vc_column_container vc_col-sm-12\"><div class=\"vc_column-inner\"><div class=\"wpb_wrapper\"><div id=\"ultimate-heading-478169fb38e95fc1b\" class=\"uvc-heading ult-adjust-bottom-margin ultimate-heading-478169fb38e95fc1b uvc-477  uvc-heading-default-font-sizes\" data-hspacer=\"no_spacer\"  data-halign=\"left\" style=\"text-align:left\"><div class=\"uvc-heading-spacer no_spacer\" style=\"top\"><\/div><div class=\"uvc-main-heading ult-responsive\"  data-ultimate-target='.uvc-heading.ultimate-heading-478169fb38e95fc1b h4'  data-responsive-json-new='{\"font-size\":\"\",\"line-height\":\"\"}' ><h4 style=\"--font-weight:theme;\">Information for shareholders<\/h4><\/div><\/div><\/div><\/div><\/div><\/div><div class=\"vc_row wpb_row vc_row-fluid\"><div class=\"wpb_column vc_column_container vc_col-sm-12\"><div class=\"vc_column-inner\"><div class=\"wpb_wrapper\"><div class=\"vc_separator wpb_content_element vc_separator_align_center vc_sep_width_100 vc_sep_pos_align_center vc_separator_no_text vc_sep_color_grey\" ><span class=\"vc_sep_holder vc_sep_holder_l\"><span  class=\"vc_sep_line\"><\/span><\/span><span class=\"vc_sep_holder vc_sep_holder_r\"><span  class=\"vc_sep_line\"><\/span><\/span>\n<\/div><\/div><\/div><\/div><\/div><div class=\"vc_row wpb_row vc_row-fluid\"><div class=\"wpb_column vc_column_container vc_col-sm-4\"><div class=\"vc_column-inner\"><div class=\"wpb_wrapper\"><div class=\"cq-imageoverlay\" data-overlaycolor=\"\" data-overlaysize=\"150\" data-titlesize=\"1.3em\" data-contentsize=\"\" data-overlayshape=\"square\" data-overlaymargin=\"\" data-contentcolor=\"\" data-elementmargin=\"\"><div class=\"cq-imageoverlay-overlay cq-square\"><div class=\"cq-imageoverlay-paragraph\"><a href=\"https:\/\/relatia.oil-terminal.com\/en\/informatii-privind-drepturile-actionarilor\/\" title=\"\" target=\"\" class=\"cq-imageoverlay-link\"><h4 class=\"cq-imageoverlay-title\"><i class=\"cq-imageoverlay-icon\"><\/i> Information on shareholder's rights<\/h4><\/a><\/div><\/div><img data-recalc-dims=\"1\" height=\"192\" width=\"260\" decoding=\"async\" src=\"https:\/\/i0.wp.com\/relatia.oil-terminal.com\/wp-content\/uploads\/2020\/04\/An-empty-meeting-room-and-conference-table.png?resize=260%2C192&#038;ssl=1\" class=\"cq-imageoverlay-img\" alt=\"\" \/><\/div><\/div><\/div><\/div><div class=\"wpb_column vc_column_container vc_col-sm-4\"><div class=\"vc_column-inner\"><div class=\"wpb_wrapper\"><div class=\"cq-imageoverlay\" data-overlaycolor=\"\" data-overlaysize=\"\" data-titlesize=\"1.2em\" data-contentsize=\"\" data-overlayshape=\"square\" data-overlaymargin=\"\" data-contentcolor=\"\" data-elementmargin=\"\"><div class=\"cq-imageoverlay-overlay cq-square\"><div class=\"cq-imageoverlay-paragraph\"><a href=\"https:\/\/relatia.oil-terminal.com\/en\/structura-actionariatului\/\" title=\"\" target=\"\" class=\"cq-imageoverlay-link\"><h4 class=\"cq-imageoverlay-title\"><i class=\"cq-imageoverlay-icon\"><\/i> Shareholding structure<\/h4><\/a><\/div><\/div><img data-recalc-dims=\"1\" height=\"192\" width=\"260\" decoding=\"async\" src=\"https:\/\/i0.wp.com\/relatia.oil-terminal.com\/wp-content\/uploads\/2020\/04\/New-Project-3.png?resize=260%2C192&#038;ssl=1\" class=\"cq-imageoverlay-img\" alt=\"\" \/><\/div><\/div><\/div><\/div><div class=\"wpb_column vc_column_container vc_col-sm-4\"><div class=\"vc_column-inner\"><div class=\"wpb_wrapper\"><div class=\"cq-imageoverlay\" data-overlaycolor=\"\" data-overlaysize=\"150\" data-titlesize=\"1.2em\" data-contentsize=\"\" data-overlayshape=\"square\" data-overlaymargin=\"\" data-contentcolor=\"\" data-elementmargin=\"\"><div class=\"cq-imageoverlay-overlay cq-square\"><div class=\"cq-imageoverlay-paragraph\"><a href=\"https:\/\/relatia.oil-terminal.com\/en\/contact-ir\/\" title=\"\" target=\"\" class=\"cq-imageoverlay-link\"><h4 class=\"cq-imageoverlay-title\"><i class=\"cq-imageoverlay-icon\"><\/i> IR Contact<\/h4><\/a><\/div><\/div><img data-recalc-dims=\"1\" height=\"192\" width=\"260\" decoding=\"async\" src=\"https:\/\/i0.wp.com\/relatia.oil-terminal.com\/wp-content\/uploads\/2020\/04\/New-Project-2.png?resize=260%2C192&#038;ssl=1\" class=\"cq-imageoverlay-img\" alt=\"\" \/><\/div><\/div><\/div><\/div><\/div><div class=\"vc_row wpb_row vc_row-fluid\"><div class=\"wpb_column vc_column_container vc_col-sm-12\"><div class=\"vc_column-inner\"><div class=\"wpb_wrapper\"><div class=\"vc_empty_space\"   style=\"height: 50px\"><span class=\"vc_empty_space_inner\"><\/span><\/div><\/div><\/div><\/div><\/div><div class=\"vc_row wpb_row vc_row-fluid\"><div class=\"wpb_column vc_column_container vc_col-sm-12\"><div class=\"vc_column-inner\"><div class=\"wpb_wrapper\"><\/div><\/div><\/div><\/div>","protected":false},"excerpt":{"rendered":"<p>Bun venit la Oil TerminalCOMPANIE PETROLIERA CU PESTE 125 DE ANI DE EXPERIENTA Rela\u021bia cu investitoriiAceast site este conceput pentru a oferi acces la informa\u021bii relevante, \u00een limba rom\u00e2n\u0103 \u0219i englez\u0103, ac\u021bionarilor societ\u0103\u021bii, poten\u021bialilor investitori precum \u0219i altor p\u0103r\u021bi interesate.AGA 2025Raportari anualeInformatii pentru actionari Informatii privind drepturile actionarilor Structura ac\u021bionariat Contact IR<\/p>","protected":false},"author":7,"featured_media":0,"parent":0,"menu_order":0,"comment_status":"closed","ping_status":"closed","template":"","meta":[],"class_list":["post-1389","page","type-page","status-publish","hentry","description-off"],"jetpack_sharing_enabled":true,"_links":{"self":[{"href":"https:\/\/relatia.oil-terminal.com\/en\/wp-json\/wp\/v2\/pages\/1389","targetHints":{"allow":["GET"]}}],"collection":[{"href":"https:\/\/relatia.oil-terminal.com\/en\/wp-json\/wp\/v2\/pages"}],"about":[{"href":"https:\/\/relatia.oil-terminal.com\/en\/wp-json\/wp\/v2\/types\/page"}],"author":[{"embeddable":true,"href":"https:\/\/relatia.oil-terminal.com\/en\/wp-json\/wp\/v2\/users\/7"}],"replies":[{"embeddable":true,"href":"https:\/\/relatia.oil-terminal.com\/en\/wp-json\/wp\/v2\/comments?post=1389"}],"version-history":[{"count":142,"href":"https:\/\/relatia.oil-terminal.com\/en\/wp-json\/wp\/v2\/pages\/1389\/revisions"}],"predecessor-version":[{"id":15423,"href":"https:\/\/relatia.oil-terminal.com\/en\/wp-json\/wp\/v2\/pages\/1389\/revisions\/15423"}],"wp:attachment":[{"href":"https:\/\/relatia.oil-terminal.com\/en\/wp-json\/wp\/v2\/media?parent=1389"}],"curies":[{"name":"wp","href":"https:\/\/api.w.org\/{rel}","templated":true}]}}