{"id":13900,"date":"2025-05-06T14:24:34","date_gmt":"2025-05-06T11:24:34","guid":{"rendered":"https:\/\/relatia.oil-terminal.com\/?page_id=13900"},"modified":"2025-12-29T15:26:54","modified_gmt":"2025-12-29T13:26:54","slug":"dividende-2024","status":"publish","type":"page","link":"https:\/\/relatia.oil-terminal.com\/en\/dividende-2024\/","title":{"rendered":"Dividends 2024"},"content":{"rendered":"<p>Societatea OIL TERMINAL S.A. Constan\u021ba anun\u0163\u0103 plata dividendelor aferente exerci\u0163iului financiar 2024 \u00eencep\u00e2nd cu data de 05 iunie 2025 (data pl\u0103\u0163ii) c\u0103tre ac\u0163ionarii \u00eenregistra\u0163i la data de 19 mai 2025 \u00een Registrul Ac\u021bionarilor societ\u0103\u021bii \u021binut de c\u0103tre DEPOZITARUL CENTRAL S.A. Data ex-date stabilit\u0103 de Adunarea General\u0103 a Ac\u021bionarilor este 16 mai 2025.<\/p>\n<p>Prin Hot\u0103r\u00e2rea nr. 12 a Adun\u0103rii Generale Ordinare a Ac\u0163ionarilor din data de 28 Aprilie 2025 s-a stabilit valoarea dividendului brut la 0,00447719 lei\/ac\u021biune.<\/p>\n<p><strong>\u00a0<\/strong><\/p>\n<p>Dividend tax will be calculated and withheld by Societatea OIL TERMINAL S.A. from the gross dividend in accordance with the applicable legal provisions, and the shareholders will collect the dividends at the net value.<\/p>\n<p>&nbsp;<\/p>\n<p style=\"text-align: center;\"><a href=\"https:\/\/relatia.oil-terminal.com\/wp-content\/uploads\/2025\/05\/Comunicat-plata-dividende-2024.pdf\" target=\"_blank\" rel=\"noopener\">Comunicat privind plata dividendelor aferente anului 2024<\/a><\/p>\n<p style=\"text-align: center;\"><a href=\"https:\/\/relatia.oil-terminal.com\/wp-content\/uploads\/2025\/12\/STATEMENT-regarding-the-payment-of-dividends-for-the-year-2024.pdf\" target=\"_blank\" rel=\"noopener\">Statement regarding the payment of dividends for the year 2024<\/a><\/p>\n<p>&nbsp;<\/p>","protected":false},"excerpt":{"rendered":"<p>Societatea OIL TERMINAL S.A. Constan\u021ba anun\u0163\u0103 plata dividendelor aferente exerci\u0163iului financiar 2024 \u00eencep\u00e2nd cu data de 05 iunie 2025 (data pl\u0103\u0163ii) c\u0103tre ac\u0163ionarii \u00eenregistra\u0163i la data de 19 mai 2025 \u00een Registrul Ac\u021bionarilor societ\u0103\u021bii \u021binut de c\u0103tre DEPOZITARUL CENTRAL S.A. Data ex-date stabilit\u0103 de Adunarea General\u0103 a Ac\u021bionarilor este 16 mai 2025. Prin Hot\u0103r\u00e2rea nr.&hellip;<\/p>","protected":false},"author":4,"featured_media":0,"parent":0,"menu_order":0,"comment_status":"closed","ping_status":"closed","template":"","meta":[],"class_list":["post-13900","page","type-page","status-publish","hentry","description-off"],"jetpack_sharing_enabled":true,"_links":{"self":[{"href":"https:\/\/relatia.oil-terminal.com\/en\/wp-json\/wp\/v2\/pages\/13900","targetHints":{"allow":["GET"]}}],"collection":[{"href":"https:\/\/relatia.oil-terminal.com\/en\/wp-json\/wp\/v2\/pages"}],"about":[{"href":"https:\/\/relatia.oil-terminal.com\/en\/wp-json\/wp\/v2\/types\/page"}],"author":[{"embeddable":true,"href":"https:\/\/relatia.oil-terminal.com\/en\/wp-json\/wp\/v2\/users\/4"}],"replies":[{"embeddable":true,"href":"https:\/\/relatia.oil-terminal.com\/en\/wp-json\/wp\/v2\/comments?post=13900"}],"version-history":[{"count":4,"href":"https:\/\/relatia.oil-terminal.com\/en\/wp-json\/wp\/v2\/pages\/13900\/revisions"}],"predecessor-version":[{"id":15396,"href":"https:\/\/relatia.oil-terminal.com\/en\/wp-json\/wp\/v2\/pages\/13900\/revisions\/15396"}],"wp:attachment":[{"href":"https:\/\/relatia.oil-terminal.com\/en\/wp-json\/wp\/v2\/media?parent=13900"}],"curies":[{"name":"wp","href":"https:\/\/api.w.org\/{rel}","templated":true}]}}