{"id":2064,"date":"2020-02-19T10:16:03","date_gmt":"2020-02-19T10:16:03","guid":{"rendered":"http:\/\/relatia.oil-terminal.com\/?page_id=2064"},"modified":"2020-04-22T14:40:11","modified_gmt":"2020-04-22T14:40:11","slug":"dividende-2016","status":"publish","type":"page","link":"https:\/\/relatia.oil-terminal.com\/en\/dividende-2016\/","title":{"rendered":"Dividends 2016"},"content":{"rendered":"<div class=\"vc_row wpb_row vc_row-fluid\"><div class=\"wpb_column vc_column_container vc_col-sm-12\"><div class=\"vc_column-inner\"><div class=\"wpb_wrapper\"><div id=\"ultimate-heading-269769f1d6820c280\" class=\"uvc-heading ult-adjust-bottom-margin ultimate-heading-269769f1d6820c280 uvc-9817  uvc-heading-default-font-sizes\" data-hspacer=\"no_spacer\"  data-halign=\"center\" style=\"text-align:center\"><div class=\"uvc-heading-spacer no_spacer\" style=\"top\"><\/div><div class=\"uvc-main-heading ult-responsive\"  data-ultimate-target='.uvc-heading.ultimate-heading-269769f1d6820c280 h2'  data-responsive-json-new='{\"font-size\":\"\",\"line-height\":\"\"}' ><h2 style=\"--font-weight:theme;\">Dividends for 2016<\/h2><\/div><\/div><\/div><\/div><\/div><\/div><div class=\"vc_row wpb_row vc_row-fluid\"><div class=\"wpb_column vc_column_container vc_col-sm-12\"><div class=\"vc_column-inner\"><div class=\"wpb_wrapper\"><div class=\"vc_separator wpb_content_element vc_separator_align_center vc_sep_width_100 vc_sep_double vc_sep_pos_align_center vc_separator_no_text vc_sep_color_grey\" ><span class=\"vc_sep_holder vc_sep_holder_l\"><span  class=\"vc_sep_line\"><\/span><\/span><span class=\"vc_sep_holder vc_sep_holder_r\"><span  class=\"vc_sep_line\"><\/span><\/span>\n<\/div><\/div><\/div><\/div><\/div><div class=\"vc_row wpb_row vc_row-fluid\"><div class=\"wpb_column vc_column_container vc_col-sm-12\"><div class=\"vc_column-inner\"><div class=\"wpb_wrapper\">\n\t<div class=\"wpb_text_column wpb_content_element\" >\n\t\t<div class=\"wpb_wrapper\">\n\t\t\t<p class=\"Bodytext20\">The company OIL TERMINAL SA announces the payment of dividends related to the financial year 201<span lang=\"EN-US\">6<\/span>\u00a0starting with\u00a0<span class=\"Bodytext2Bold\">June 6, 2017\u00a0<\/span>(payment date) to the shareholders registered on\u00a0<span class=\"Bodytext2Bold\">15 May 2017 (ex-date 12.05.2017)\u00a0<\/span>in the Register of Shareholders of the company kept by DEPOZITARUL CENTRAL SA<\/p>\n<p class=\"ListParagraph2\">By Decision no. 4 of the Ordinary General Shareholders&#039; Meeting of April 26, 2017, the value was established\u00a0<span class=\"Bodytext2Bold\">gross dividend<\/span><span class=\"Bodytext2Bold\">\u00a0<\/span>at 0.02442462 lei\/share.<\/p>\n<p>&nbsp;<\/p>\n<p class=\"Bodytext20\">tax\u00a0<span lang=\"EN-US\">on dividends <\/span>will be\u00a0<span lang=\"EN-US\">calculated and\u00a0<\/span>retained by the OIL TERMINAL Company,\u00a0<span lang=\"EN-US\">from the gross dividend\u00a0<\/span>and paid to the state budget,\u00a0<span lang=\"EN-US\">in accordance with the applicable legal provisions,\u00a0<\/span>and the shareholders will receive the dividends at the net value.<\/p>\n\n\t\t<\/div>\n\t<\/div>\n<\/div><\/div><\/div><\/div><div class=\"vc_row wpb_row vc_row-fluid\"><div class=\"wpb_column vc_column_container vc_col-sm-12\"><div class=\"vc_column-inner\"><div class=\"wpb_wrapper\"><div class=\"vc_separator wpb_content_element vc_separator_align_center vc_sep_width_100 vc_sep_pos_align_center vc_sep_color_grey vc_separator-has-text\" ><span class=\"vc_sep_holder vc_sep_holder_l\"><span  class=\"vc_sep_line\"><\/span><\/span><h4>Download documents<\/h4><span class=\"vc_sep_holder vc_sep_holder_r\"><span  class=\"vc_sep_line\"><\/span><\/span>\n<\/div><\/div><\/div><\/div><\/div><div class=\"vc_row wpb_row vc_row-fluid\"><div class=\"wpb_column vc_column_container vc_col-sm-12\"><div class=\"vc_column-inner\"><div class=\"wpb_wrapper\">\n\t<div class=\"wpb_text_column wpb_content_element\" >\n\t\t<div class=\"wpb_wrapper\">\n\t\t\t<p style=\"text-align: center;\"><span style=\"color: #0000ff;\"><a style=\"color: #0000ff;\" href=\"https:\/\/relatia.oil-terminal.com\/wp-content\/uploads\/2020\/04\/oil_comunicat-plata-dividende-2016.pdf\">oil_communication-dividend-payment-2016<\/a><\/span><\/p>\n\n\t\t<\/div>\n\t<\/div>\n<\/div><\/div><\/div><\/div>","protected":false},"excerpt":{"rendered":"<p>Dividende pentru anul 2016 Societatea OIL TERMINAL S.A. anun\u0163\u0103 plata dividendelor aferente exerci\u0163iului financiar 2016\u00a0\u00eencep\u00e2nd cu data de\u00a006 iunie 2017\u00a0(data pl\u0103\u0163ii) c\u0103tre ac\u0163ionarii \u00eenregistra\u0163i la data de\u00a015 mai 2017 (ex-date 12.05.2017)\u00a0\u00een Registrul Ac\u021bionarilor societ\u0103\u021bii \u021binut de c\u0103tre DEPOZITARUL CENTRAL S.A. Prin Hot\u0103r\u00e2rea nr. 4 a Adun\u0103rii Generale Ordinare a Ac\u0163ionarilor din data de 26 Aprilie&hellip;<\/p>","protected":false},"author":7,"featured_media":0,"parent":0,"menu_order":0,"comment_status":"closed","ping_status":"closed","template":"","meta":[],"class_list":["post-2064","page","type-page","status-publish","hentry","description-off"],"jetpack_sharing_enabled":true,"_links":{"self":[{"href":"https:\/\/relatia.oil-terminal.com\/en\/wp-json\/wp\/v2\/pages\/2064","targetHints":{"allow":["GET"]}}],"collection":[{"href":"https:\/\/relatia.oil-terminal.com\/en\/wp-json\/wp\/v2\/pages"}],"about":[{"href":"https:\/\/relatia.oil-terminal.com\/en\/wp-json\/wp\/v2\/types\/page"}],"author":[{"embeddable":true,"href":"https:\/\/relatia.oil-terminal.com\/en\/wp-json\/wp\/v2\/users\/7"}],"replies":[{"embeddable":true,"href":"https:\/\/relatia.oil-terminal.com\/en\/wp-json\/wp\/v2\/comments?post=2064"}],"version-history":[{"count":2,"href":"https:\/\/relatia.oil-terminal.com\/en\/wp-json\/wp\/v2\/pages\/2064\/revisions"}],"predecessor-version":[{"id":4571,"href":"https:\/\/relatia.oil-terminal.com\/en\/wp-json\/wp\/v2\/pages\/2064\/revisions\/4571"}],"wp:attachment":[{"href":"https:\/\/relatia.oil-terminal.com\/en\/wp-json\/wp\/v2\/media?parent=2064"}],"curies":[{"name":"wp","href":"https:\/\/api.w.org\/{rel}","templated":true}]}}